{"id":42,"date":"2023-07-10T13:49:15","date_gmt":"2023-07-10T13:49:15","guid":{"rendered":"https:\/\/zahnarztpraxis-anantschenko.de\/de\/?page_id=42"},"modified":"2023-07-10T13:49:15","modified_gmt":"2023-07-10T13:49:15","slug":"wurzelkanalbehandlung","status":"publish","type":"page","link":"https:\/\/zahnarztpraxis-anantschenko.de\/de\/wurzelkanalbehandlung","title":{"rendered":"Wurzelkanalbehandlung"},"content":{"rendered":"<p>Erkrankungen wie beispielsweise Entz\u00fcndungen des Zahnmarkes, das sowohl die Blut- und Lymphgef\u00e4\u00dfe als auch die Nerven und das Bindegewebe sowie das Parodontium, das als Zahnhaltefunktion agiert, angreifen k\u00f6nnen, f\u00fchren nicht selten zu dem Verlust der Z\u00e4hne. Vorangehend ist oftmals Karies, wodurch Krankheitserreger in das Zahninnere gelangen k\u00f6nnen. Dort greifen sie im schlimmsten Fall die Knochenstruktur in der Region der Wurzelspitze an.<\/p>\n<p>Die g\u00e4ngigste Behandlung in der Endodontie ist die Wurzelkanalbehandlung. Der Zahnarzt verf\u00fcgt \u00fcber zahlreiche Handinstrumente und Aufbereitungsinstrumente f\u00fcr die maschinelle Wurzelkanalaufbereitung. Zu Beginn der Behandlung ist die Bestimmung der Kanall\u00e4ngen von gro\u00dfer Bedeutung. Dazu verhilft entweder das R\u00f6ntgenbild oder ein spezielles Ger\u00e4t, das per Widerstandsmessung die Daten erkennt.<br \/>\nDanach erfolgt die Aufbereitung der Kan\u00e4le, die mittels elektrischen Nickel-Titan-Feilen durchgef\u00fchrt wird. Die Kan\u00e4le werden dabei so ausgefeilt, dass das erkrankte Gewebe vollst\u00e4ndig entfernt wird. Daraufhin folgt die Wurzelf\u00fcllung, sofern der Zahn schmerzunempfindlich und die Kan\u00e4le trocken sind. Ist dies nicht der Fall, erfolgt eine Einlage mit einem Medikament in die Kan\u00e4le, wozu meist ein Antibiotikum und\/oder Cortison Verwendung findet. Das Medikament verbleibt f\u00fcr einige Tage in den Kan\u00e4len, die nur provisorisch verschlossen werden.<br \/>\nZur Schlussbehandlung ist die vollst\u00e4ndige Schlie\u00dfung der Wurzelkan\u00e4le erforderlich. Dazu stehen verschiedene M\u00f6glichkeiten zu Verf\u00fcgung. Die klassische Art und Weise ist die Schlie\u00dfung durch Zement und der Stiftmethode, dem sogenannten Guttaperchastift. Bei der lateralen Kondensations-Methode erm\u00f6glichen mehrere Guttaperchastifte f\u00fcr einen h\u00f6heren Dichtungseffekt nach der Wurzelkanalbehandlung.<br \/>\nBei der thermischen Schlie\u00dfungstechnik wird der Guttaperchastift durch Hitze verfl\u00fcssigt, nachdem er in den Kanal eingebracht wurde. Das hat den Vorteil, dass auch die kleinsten Lumen an der Wurzelspitze abgedichtet werden. Mit einem Backfill wird der obere Teil des Wurzelkanales verschlossen. Ein Operationsmikroskop zeigt bei dieser Methode gro\u00dfe Vorteile. Denn nur so k\u00f6nnen auch die kleinsten Wurzelkan\u00e4le aufgesp\u00fcrt und Perforationen nicht \u00fcbersehen werden.<br \/>\nVordem Verschluss der Kan\u00e4le wird aber noch eine Sterilisation dieser mittels Sp\u00fclung oder Laserbehandlung durchgef\u00fchrt. Die Lasermethode ist die wirkungsvollere, dadurch, dass die Intensit\u00e4t um ein Vielfaches h\u00f6her liegt.<br \/>\nEine Wurzelkanalaufbereitung dauert in der Regel circa 1 Stunde.<\/p>\n<p>&nbsp;<\/p>\n<p>F\u00fcr die gesetzlichen Krankenkassen steht es leider au\u00dfer Frage, welche Behandlungsvariante auf Dauer die kosteng\u00fcnstigere sein wird. Sie \u00fcbernehmen lediglich die Kosten f\u00fcr die Behandlung mit Handinstrumenten und eine Schlie\u00dfung mit der Ein-Stift-Methode. Dies kann zur Folge haben, dass die Verdichtung der Wurzelkan\u00e4le nicht lange h\u00e4lt und es zum erneuten Eintritt von Bakterien kommt. Bei der modernen Behandlung \u00fcberzeugen die Vorteile der enormen Verdichtung der Kan\u00e4le, sowie durch die maschinelle Abschleifung in den Kan\u00e4len die gesch\u00e4digten Gewebe vollst\u00e4ndig entfernt werden k\u00f6nnen, was mit Handinstrumenten nur bedingt m\u00f6glich ist. Somit besteht bei der typischen Kassenbehandlung die Chance, dass Reste von Keimen oder nekrotischem Gewebe bei Verschlie\u00dfung der Kan\u00e4le sich noch darin befinden und weiter ihr Unheil treiben k\u00f6nnen.<br \/>\nZudem ist die Behandlungszeit von rund einer Stunde mit der maschinellen Wurzelkanalbehandlung wesentlich k\u00fcrzer, als durch die Handinstrumenten Behandlung. Damit wird auch die Belastung f\u00fcr den Patienten auf ein Minimum reduziert.<\/p>\n","protected":false},"excerpt":{"rendered":"<p>Erkrankungen wie beispielsweise Entz\u00fcndungen des Zahnmarkes, das sowohl die Blut- und Lymphgef\u00e4\u00dfe als auch die Nerven und das Bindegewebe sowie das Parodontium, das als Zahnhaltefunktion agiert, angreifen [&hellip;]<\/p>\n","protected":false},"author":1,"featured_media":0,"parent":0,"menu_order":0,"comment_status":"closed","ping_status":"closed","template":"","meta":{"footnotes":""},"class_list":["post-42","page","type-page","status-publish","hentry"],"yoast_head":"<!-- This site is optimized with the Yoast SEO plugin v27.4 - https:\/\/yoast.com\/product\/yoast-seo-wordpress\/ -->\n<title>Wurzelkanalbehandlung<\/title>\n<meta name=\"robots\" content=\"index, follow, max-snippet:-1, max-image-preview:large, max-video-preview:-1\" \/>\n<link rel=\"canonical\" href=\"https:\/\/zahnarztpraxis-anantschenko.de\/de\/wurzelkanalbehandlung\" \/>\n<meta property=\"og:locale\" content=\"de_DE\" \/>\n<meta property=\"og:type\" content=\"article\" \/>\n<meta property=\"og:title\" content=\"Wurzelkanalbehandlung\" \/>\n<meta property=\"og:description\" content=\"Erkrankungen wie beispielsweise Entz\u00fcndungen des Zahnmarkes, das sowohl die Blut- und Lymphgef\u00e4\u00dfe als auch die Nerven und das Bindegewebe sowie das Parodontium, das als Zahnhaltefunktion agiert, angreifen [&hellip;]\" \/>\n<meta property=\"og:url\" content=\"https:\/\/zahnarztpraxis-anantschenko.de\/de\/wurzelkanalbehandlung\" \/>\n<meta property=\"og:site_name\" content=\"Zahnarztpraxis in Kiel, Wadim Anantschenko\" \/>\n<meta name=\"twitter:card\" content=\"summary_large_image\" \/>\n<meta name=\"twitter:label1\" content=\"Gesch\u00e4tzte Lesezeit\" \/>\n\t<meta name=\"twitter:data1\" content=\"3\u00a0Minuten\" \/>\n<script type=\"application\/ld+json\" class=\"yoast-schema-graph\">{\"@context\":\"https:\\\/\\\/schema.org\",\"@graph\":[{\"@type\":\"WebPage\",\"@id\":\"https:\\\/\\\/zahnarztpraxis-anantschenko.de\\\/de\\\/wurzelkanalbehandlung\",\"url\":\"https:\\\/\\\/zahnarztpraxis-anantschenko.de\\\/de\\\/wurzelkanalbehandlung\",\"name\":\"Wurzelkanalbehandlung\",\"isPartOf\":{\"@id\":\"https:\\\/\\\/zahnarztpraxis-anantschenko.de\\\/de\\\/#website\"},\"datePublished\":\"2023-07-10T13:49:15+00:00\",\"breadcrumb\":{\"@id\":\"https:\\\/\\\/zahnarztpraxis-anantschenko.de\\\/de\\\/wurzelkanalbehandlung#breadcrumb\"},\"inLanguage\":\"de-DE\",\"potentialAction\":[{\"@type\":\"ReadAction\",\"target\":[\"https:\\\/\\\/zahnarztpraxis-anantschenko.de\\\/de\\\/wurzelkanalbehandlung\"]}]},{\"@type\":\"BreadcrumbList\",\"@id\":\"https:\\\/\\\/zahnarztpraxis-anantschenko.de\\\/de\\\/wurzelkanalbehandlung#breadcrumb\",\"itemListElement\":[{\"@type\":\"ListItem\",\"position\":1,\"name\":\"Home\",\"item\":\"https:\\\/\\\/zahnarztpraxis-anantschenko.de\\\/ru\\\/\"},{\"@type\":\"ListItem\",\"position\":2,\"name\":\"Wurzelkanalbehandlung\"}]},{\"@type\":\"WebSite\",\"@id\":\"https:\\\/\\\/zahnarztpraxis-anantschenko.de\\\/de\\\/#website\",\"url\":\"https:\\\/\\\/zahnarztpraxis-anantschenko.de\\\/de\\\/\",\"name\":\"Zahnarztpraxis in Kiel, Wadim Anantschenko\",\"description\":\"\",\"publisher\":{\"@id\":\"https:\\\/\\\/zahnarztpraxis-anantschenko.de\\\/de\\\/#organization\"},\"potentialAction\":[{\"@type\":\"SearchAction\",\"target\":{\"@type\":\"EntryPoint\",\"urlTemplate\":\"https:\\\/\\\/zahnarztpraxis-anantschenko.de\\\/de\\\/?s={search_term_string}\"},\"query-input\":{\"@type\":\"PropertyValueSpecification\",\"valueRequired\":true,\"valueName\":\"search_term_string\"}}],\"inLanguage\":\"de-DE\"},{\"@type\":\"Organization\",\"@id\":\"https:\\\/\\\/zahnarztpraxis-anantschenko.de\\\/de\\\/#organization\",\"name\":\"Zahnarztpraxis in Kiel, Wadim Anantschenko\",\"url\":\"https:\\\/\\\/zahnarztpraxis-anantschenko.de\\\/de\\\/\",\"logo\":{\"@type\":\"ImageObject\",\"inLanguage\":\"de-DE\",\"@id\":\"https:\\\/\\\/zahnarztpraxis-anantschenko.de\\\/de\\\/#\\\/schema\\\/logo\\\/image\\\/\",\"url\":\"https:\\\/\\\/zahnarztpraxis-anantschenko.de\\\/wp-content\\\/uploads\\\/2023\\\/11\\\/cropped-logo-zahnarztpraxis-wadim-anantschenko-weiss.png\",\"contentUrl\":\"https:\\\/\\\/zahnarztpraxis-anantschenko.de\\\/wp-content\\\/uploads\\\/2023\\\/11\\\/cropped-logo-zahnarztpraxis-wadim-anantschenko-weiss.png\",\"width\":302,\"height\":81,\"caption\":\"Zahnarztpraxis in Kiel, Wadim Anantschenko\"},\"image\":{\"@id\":\"https:\\\/\\\/zahnarztpraxis-anantschenko.de\\\/de\\\/#\\\/schema\\\/logo\\\/image\\\/\"}}]}<\/script>\n<!-- \/ Yoast SEO plugin. -->","yoast_head_json":{"title":"Wurzelkanalbehandlung","robots":{"index":"index","follow":"follow","max-snippet":"max-snippet:-1","max-image-preview":"max-image-preview:large","max-video-preview":"max-video-preview:-1"},"canonical":"https:\/\/zahnarztpraxis-anantschenko.de\/de\/wurzelkanalbehandlung","og_locale":"de_DE","og_type":"article","og_title":"[:de]Wurzelkanalbehandlung[:] - Zahnarztpraxis in Kiel, Wadim Anantschenko","og_description":"Erkrankungen wie beispielsweise Entz\u00fcndungen des Zahnmarkes, das sowohl die Blut- und Lymphgef\u00e4\u00dfe als auch die Nerven und das Bindegewebe sowie das Parodontium, das als Zahnhaltefunktion agiert, angreifen [&hellip;]","og_url":"https:\/\/zahnarztpraxis-anantschenko.de\/de\/wurzelkanalbehandlung","og_site_name":"Zahnarztpraxis in Kiel, Wadim Anantschenko","twitter_card":"summary_large_image","twitter_misc":{"Gesch\u00e4tzte Lesezeit":"3\u00a0Minuten"},"schema":{"@context":"https:\/\/schema.org","@graph":[{"@type":"WebPage","@id":"https:\/\/zahnarztpraxis-anantschenko.de\/de\/wurzelkanalbehandlung","url":"https:\/\/zahnarztpraxis-anantschenko.de\/de\/wurzelkanalbehandlung","name":"Wurzelkanalbehandlung","isPartOf":{"@id":"https:\/\/zahnarztpraxis-anantschenko.de\/de\/#website"},"datePublished":"2023-07-10T13:49:15+00:00","breadcrumb":{"@id":"https:\/\/zahnarztpraxis-anantschenko.de\/de\/wurzelkanalbehandlung#breadcrumb"},"inLanguage":"de-DE","potentialAction":[{"@type":"ReadAction","target":["https:\/\/zahnarztpraxis-anantschenko.de\/de\/wurzelkanalbehandlung"]}]},{"@type":"BreadcrumbList","@id":"https:\/\/zahnarztpraxis-anantschenko.de\/de\/wurzelkanalbehandlung#breadcrumb","itemListElement":[{"@type":"ListItem","position":1,"name":"Home","item":"https:\/\/zahnarztpraxis-anantschenko.de\/ru\/"},{"@type":"ListItem","position":2,"name":"Wurzelkanalbehandlung"}]},{"@type":"WebSite","@id":"https:\/\/zahnarztpraxis-anantschenko.de\/de\/#website","url":"https:\/\/zahnarztpraxis-anantschenko.de\/de\/","name":"Zahnarztpraxis in Kiel, Wadim Anantschenko","description":"","publisher":{"@id":"https:\/\/zahnarztpraxis-anantschenko.de\/de\/#organization"},"potentialAction":[{"@type":"SearchAction","target":{"@type":"EntryPoint","urlTemplate":"https:\/\/zahnarztpraxis-anantschenko.de\/de\/?s={search_term_string}"},"query-input":{"@type":"PropertyValueSpecification","valueRequired":true,"valueName":"search_term_string"}}],"inLanguage":"de-DE"},{"@type":"Organization","@id":"https:\/\/zahnarztpraxis-anantschenko.de\/de\/#organization","name":"Zahnarztpraxis in Kiel, Wadim Anantschenko","url":"https:\/\/zahnarztpraxis-anantschenko.de\/de\/","logo":{"@type":"ImageObject","inLanguage":"de-DE","@id":"https:\/\/zahnarztpraxis-anantschenko.de\/de\/#\/schema\/logo\/image\/","url":"https:\/\/zahnarztpraxis-anantschenko.de\/wp-content\/uploads\/2023\/11\/cropped-logo-zahnarztpraxis-wadim-anantschenko-weiss.png","contentUrl":"https:\/\/zahnarztpraxis-anantschenko.de\/wp-content\/uploads\/2023\/11\/cropped-logo-zahnarztpraxis-wadim-anantschenko-weiss.png","width":302,"height":81,"caption":"Zahnarztpraxis in Kiel, Wadim Anantschenko"},"image":{"@id":"https:\/\/zahnarztpraxis-anantschenko.de\/de\/#\/schema\/logo\/image\/"}}]}},"_links":{"self":[{"href":"https:\/\/zahnarztpraxis-anantschenko.de\/de\/wp-json\/wp\/v2\/pages\/42","targetHints":{"allow":["GET"]}}],"collection":[{"href":"https:\/\/zahnarztpraxis-anantschenko.de\/de\/wp-json\/wp\/v2\/pages"}],"about":[{"href":"https:\/\/zahnarztpraxis-anantschenko.de\/de\/wp-json\/wp\/v2\/types\/page"}],"author":[{"embeddable":true,"href":"https:\/\/zahnarztpraxis-anantschenko.de\/de\/wp-json\/wp\/v2\/users\/1"}],"replies":[{"embeddable":true,"href":"https:\/\/zahnarztpraxis-anantschenko.de\/de\/wp-json\/wp\/v2\/comments?post=42"}],"version-history":[{"count":1,"href":"https:\/\/zahnarztpraxis-anantschenko.de\/de\/wp-json\/wp\/v2\/pages\/42\/revisions"}],"predecessor-version":[{"id":43,"href":"https:\/\/zahnarztpraxis-anantschenko.de\/de\/wp-json\/wp\/v2\/pages\/42\/revisions\/43"}],"wp:attachment":[{"href":"https:\/\/zahnarztpraxis-anantschenko.de\/de\/wp-json\/wp\/v2\/media?parent=42"}],"curies":[{"name":"wp","href":"https:\/\/api.w.org\/{rel}","templated":true}]}}