{"id":40,"date":"2023-07-10T13:47:58","date_gmt":"2023-07-10T13:47:58","guid":{"rendered":"https:\/\/zahnarztpraxis-anantschenko.de\/de\/?page_id=40"},"modified":"2023-07-10T13:48:48","modified_gmt":"2023-07-10T13:48:48","slug":"zahnersatz","status":"publish","type":"page","link":"https:\/\/zahnarztpraxis-anantschenko.de\/de\/zahnersatz","title":{"rendered":"Zahnersatz"},"content":{"rendered":"<p>Der Zahnersatz kann mit den verschiedensten Materialien vorgenommen werden. Generell sind drei Varianten m\u00f6glich. Sie k\u00f6nnen aus Metall als Vollgusskronen bestehen oder aus einem Mix von Metall und Keramik. Die Vollkeramik ist die best\u00e4ndigste M\u00f6glichkeit Zahnersatz langfristig zu verwenden.<\/p>\n<p>Eine Br\u00fccke dient zum fachgerechten Verschluss von Zahnl\u00fccken. Auch hier stehen verschiedene Ausf\u00fchrungen zur Verf\u00fcgung:<\/p>\n<ul>\n<li>eine Art Teilprothese kann mit Klammern an bestehenden Z\u00e4hnen, den sogenannten Pfeilerz\u00e4hnen angebracht werden und ist herausnehmbar<\/li>\n<li>Der abnehmbare Zahnersatz mit Geschiebe wird durch H\u00fclsen und Metallst\u00e4ben ineinandergeschoben<\/li>\n<li>Ein leichtes Einsetzen und Herausnehmen bieten die Teleskop Kronen<\/li>\n<li>F\u00fcr tadellose Z\u00e4hne, die in strahlendem wei\u00df gl\u00e4nzen, sorgt die Veneer Behandlung<\/li>\n<li>Kronen und Br\u00fccken auf Implantaten zeigen sich als \u00e4u\u00dferst robust, auch wenn keine gesunden Z\u00e4hne mehr vorhanden sind.<\/li>\n<\/ul>\n<p>Der Zahnersatz aus Metall besteht aus Gold oder Legierungen. Der Nachteil der Kronen aus Metall ist das sichtbare Material, das insbesondere im vorderen Zahnbereich aus \u00e4sthetischen Gr\u00fcnden kaum noch benutzt wird. Bei der Krone aus Metallkeramik handelt es sich um eine aus Metall gefertigte Zahnkappe, die mit Keramik in Zahnfarbe \u00fcberzogen ist. Erstklassige Techniken passen diesen Zahnersatz optisch an die \u00fcbrigen Z\u00e4hne an. Die Vollkeramik Krone \u00fcberzeugt durch enorm hohe Belastbarkeit, ist insbesondere f\u00fcr Allergiker bestens geeignet.<\/p>\n<p>Die Br\u00fccke schlie\u00dft Zahnl\u00fccken, die zwischen zwei gesunden Z\u00e4hnen entstanden ist. Die Br\u00fccke wird an den Pfeilerz\u00e4hnen befestigt. Ein operativer Eingriff ist in der Regel nicht notwendig, es sei denn, es besteht eine Verbindung zu Implantaten. Diese werden dann f\u00e4llig, wenn kein gesunder Zahn als Pfeilerzahn vorhanden ist. Bei der Anbringung von Br\u00fccken und Kronen unterscheidet man folgende Varianten:<\/p>\n<p>Eine Modellgussprothese besteht aus Zahnersatz und einem Kunststoff-Zahnfleisch. Sie wird mittels Klammern an den benachbarten Z\u00e4hnen befestigt und besitzt zudem eine Gaumenplatte, die f\u00fcr einen tadellosen Halt der Teilprothese sorgen.<\/p>\n<p>Bei Kronen mit Geschiebe handelt es sich um einen Teilprothesen-Zahnersatz, bei dem die Pfeilerz\u00e4hne mit Kronen \u00fcberzogen werden, in denen sich kleine H\u00fclsen befinden, in die die Teilprothese durch pr\u00e4zise eingesetzte Stifte eingeschoben wird. Die Au\u00dfenseiten sind vollst\u00e4ndig mit Kunststoff in Zahnfarbe beschichtet, sodass die Teilprothese eine nat\u00fcrliche Optik erh\u00e4lt. Die Teilprothese ist herausnehmbar.<\/p>\n<p>Teleskop-Kronen bieten eine optimale L\u00f6sung als Zahnersatz. Dabei werden die Pfeilerz\u00e4hne \u00fcberkront, w\u00e4hrend die Teleskop-Kronen an ihren Enden \u00fcber Hohlkronen verf\u00fcgen, die einfach auf die verkronten Pfeilerz\u00e4hne gest\u00fclpt werden. Zur verbesserten Fixierung dient ein Stahlb\u00fcgel, der die jeweiligen Kieferseiten miteinander verbindet. Eine hervorragende Passform, Langlebigkeit durch hohe Belastbarkeit und eine bemerkenswerte Haftung zeichnen die Teleskop-Krone aus.<\/p>\n<p>Mit einem Veneer erf\u00fcllen sich zahlreiche Patienten ihren Traum von wei\u00dfen Z\u00e4hnen. Aber auch bei leichten Zahnfehlstellungen, kleineren Zahnl\u00fccken und unsch\u00f6nen Zahnverf\u00e4rbungen bietet die Behandlung mit Veneer zu hervorragenden Ergebnissen. Hauchd\u00fcnne Keramikschalen werden angefertigt und auf dem Zahn verklebt. Der obere Rand wird dem Naturzahn so angeschliffen, dass selbst bei R\u00fcckgang des Zahnfleisches keine R\u00e4nder der Keramikschalen zu sehen sein werden.<\/p>\n<p>Br\u00fccken und Kronen auf Implantaten kommen dann zum Einsatz, wenn Pfeilerz\u00e4hne und Kieferknochen bereits extrem angegriffen sind und sich eine Entfernung der nat\u00fcrlichen Z\u00e4hne empfiehlt. Dabei werden durch Implantate k\u00fcnstliche Pfeilerz\u00e4hne gesetzt, die durch ein Schraubsystem fest mit dem Kiefer verbunden werden. Auf diese Implantate werden dann die Br\u00fccken und Kronen befestigt, wie es der Fall bei der Anbringung dieser mit nat\u00fcrlichen Z\u00e4hnen ist.<\/p>\n<p>Die empfehlenswerteste Methode ist die Versorgung mit Kronen auf Implantaten. Dadurch, dass mit dem Implantat k\u00fcnstliche Pfeilerz\u00e4hne geschaffen werden, m\u00fcssen benachbarte, gesunde Z\u00e4hne nicht bis auf 30 Prozent herunter geschliffen werden. Dies erh\u00e4lt den gesunden Zahn wesentlich l\u00e4nger und beugt Sch\u00e4digungen durch die Kronenbefestigung vor. Auch in Sachen \u00c4sthetik \u00fcberzeugen Br\u00fccken und Kronen auf Implantaten.<\/p>\n","protected":false},"excerpt":{"rendered":"<p>Der Zahnersatz kann mit den verschiedensten Materialien vorgenommen werden. Generell sind drei Varianten m\u00f6glich. Sie k\u00f6nnen aus Metall als Vollgusskronen bestehen oder aus einem Mix von Metall [&hellip;]<\/p>\n","protected":false},"author":1,"featured_media":0,"parent":0,"menu_order":0,"comment_status":"closed","ping_status":"closed","template":"","meta":{"footnotes":""},"class_list":["post-40","page","type-page","status-publish","hentry"],"yoast_head":"<!-- This site is optimized with the Yoast SEO plugin v26.7 - https:\/\/yoast.com\/wordpress\/plugins\/seo\/ -->\n<title>Zahnersatz<\/title>\n<meta name=\"robots\" content=\"index, follow, max-snippet:-1, max-image-preview:large, max-video-preview:-1\" \/>\n<link rel=\"canonical\" href=\"https:\/\/zahnarztpraxis-anantschenko.de\/de\/zahnersatz\" \/>\n<meta property=\"og:locale\" content=\"de_DE\" \/>\n<meta property=\"og:type\" content=\"article\" \/>\n<meta property=\"og:title\" content=\"Zahnersatz\" \/>\n<meta property=\"og:description\" content=\"Der Zahnersatz kann mit den verschiedensten Materialien vorgenommen werden. Generell sind drei Varianten m\u00f6glich. Sie k\u00f6nnen aus Metall als Vollgusskronen bestehen oder aus einem Mix von Metall [&hellip;]\" \/>\n<meta property=\"og:url\" content=\"https:\/\/zahnarztpraxis-anantschenko.de\/de\/zahnersatz\" \/>\n<meta property=\"og:site_name\" content=\"Zahnarztpraxis in Kiel, Wadim Anantschenko\" \/>\n<meta property=\"article:modified_time\" content=\"2023-07-10T13:48:48+00:00\" \/>\n<meta name=\"twitter:card\" content=\"summary_large_image\" \/>\n<meta name=\"twitter:label1\" content=\"Gesch\u00e4tzte Lesezeit\" \/>\n\t<meta name=\"twitter:data1\" content=\"4\u00a0Minuten\" \/>\n<script type=\"application\/ld+json\" class=\"yoast-schema-graph\">{\"@context\":\"https:\/\/schema.org\",\"@graph\":[{\"@type\":\"WebPage\",\"@id\":\"https:\/\/zahnarztpraxis-anantschenko.de\/de\/zahnersatz\",\"url\":\"https:\/\/zahnarztpraxis-anantschenko.de\/de\/zahnersatz\",\"name\":\"Zahnersatz\",\"isPartOf\":{\"@id\":\"https:\/\/zahnarztpraxis-anantschenko.de\/de\/#website\"},\"datePublished\":\"2023-07-10T13:47:58+00:00\",\"dateModified\":\"2023-07-10T13:48:48+00:00\",\"breadcrumb\":{\"@id\":\"https:\/\/zahnarztpraxis-anantschenko.de\/de\/zahnersatz#breadcrumb\"},\"inLanguage\":\"de-DE\",\"potentialAction\":[{\"@type\":\"ReadAction\",\"target\":[\"https:\/\/zahnarztpraxis-anantschenko.de\/de\/zahnersatz\"]}]},{\"@type\":\"BreadcrumbList\",\"@id\":\"https:\/\/zahnarztpraxis-anantschenko.de\/de\/zahnersatz#breadcrumb\",\"itemListElement\":[{\"@type\":\"ListItem\",\"position\":1,\"name\":\"Home\",\"item\":\"https:\/\/zahnarztpraxis-anantschenko.de\/ru\/\"},{\"@type\":\"ListItem\",\"position\":2,\"name\":\"Zahnersatz\"}]},{\"@type\":\"WebSite\",\"@id\":\"https:\/\/zahnarztpraxis-anantschenko.de\/de\/#website\",\"url\":\"https:\/\/zahnarztpraxis-anantschenko.de\/de\/\",\"name\":\"Zahnarztpraxis in Kiel, Wadim Anantschenko\",\"description\":\"\",\"publisher\":{\"@id\":\"https:\/\/zahnarztpraxis-anantschenko.de\/de\/#organization\"},\"potentialAction\":[{\"@type\":\"SearchAction\",\"target\":{\"@type\":\"EntryPoint\",\"urlTemplate\":\"https:\/\/zahnarztpraxis-anantschenko.de\/de\/?s={search_term_string}\"},\"query-input\":{\"@type\":\"PropertyValueSpecification\",\"valueRequired\":true,\"valueName\":\"search_term_string\"}}],\"inLanguage\":\"de-DE\"},{\"@type\":\"Organization\",\"@id\":\"https:\/\/zahnarztpraxis-anantschenko.de\/de\/#organization\",\"name\":\"Zahnarztpraxis in Kiel, Wadim Anantschenko\",\"url\":\"https:\/\/zahnarztpraxis-anantschenko.de\/de\/\",\"logo\":{\"@type\":\"ImageObject\",\"inLanguage\":\"de-DE\",\"@id\":\"https:\/\/zahnarztpraxis-anantschenko.de\/de\/#\/schema\/logo\/image\/\",\"url\":\"https:\/\/zahnarztpraxis-anantschenko.de\/wp-content\/uploads\/2023\/11\/cropped-logo-zahnarztpraxis-wadim-anantschenko-weiss.png\",\"contentUrl\":\"https:\/\/zahnarztpraxis-anantschenko.de\/wp-content\/uploads\/2023\/11\/cropped-logo-zahnarztpraxis-wadim-anantschenko-weiss.png\",\"width\":302,\"height\":81,\"caption\":\"Zahnarztpraxis in Kiel, Wadim Anantschenko\"},\"image\":{\"@id\":\"https:\/\/zahnarztpraxis-anantschenko.de\/de\/#\/schema\/logo\/image\/\"}}]}<\/script>\n<!-- \/ Yoast SEO plugin. -->","yoast_head_json":{"title":"Zahnersatz","robots":{"index":"index","follow":"follow","max-snippet":"max-snippet:-1","max-image-preview":"max-image-preview:large","max-video-preview":"max-video-preview:-1"},"canonical":"https:\/\/zahnarztpraxis-anantschenko.de\/de\/zahnersatz","og_locale":"de_DE","og_type":"article","og_title":"[:de]Zahnersatz[:] - Zahnarztpraxis in Kiel, Wadim Anantschenko","og_description":"Der Zahnersatz kann mit den verschiedensten Materialien vorgenommen werden. Generell sind drei Varianten m\u00f6glich. Sie k\u00f6nnen aus Metall als Vollgusskronen bestehen oder aus einem Mix von Metall [&hellip;]","og_url":"https:\/\/zahnarztpraxis-anantschenko.de\/de\/zahnersatz","og_site_name":"Zahnarztpraxis in Kiel, Wadim Anantschenko","article_modified_time":"2023-07-10T13:48:48+00:00","twitter_card":"summary_large_image","twitter_misc":{"Gesch\u00e4tzte Lesezeit":"4\u00a0Minuten"},"schema":{"@context":"https:\/\/schema.org","@graph":[{"@type":"WebPage","@id":"https:\/\/zahnarztpraxis-anantschenko.de\/de\/zahnersatz","url":"https:\/\/zahnarztpraxis-anantschenko.de\/de\/zahnersatz","name":"Zahnersatz","isPartOf":{"@id":"https:\/\/zahnarztpraxis-anantschenko.de\/de\/#website"},"datePublished":"2023-07-10T13:47:58+00:00","dateModified":"2023-07-10T13:48:48+00:00","breadcrumb":{"@id":"https:\/\/zahnarztpraxis-anantschenko.de\/de\/zahnersatz#breadcrumb"},"inLanguage":"de-DE","potentialAction":[{"@type":"ReadAction","target":["https:\/\/zahnarztpraxis-anantschenko.de\/de\/zahnersatz"]}]},{"@type":"BreadcrumbList","@id":"https:\/\/zahnarztpraxis-anantschenko.de\/de\/zahnersatz#breadcrumb","itemListElement":[{"@type":"ListItem","position":1,"name":"Home","item":"https:\/\/zahnarztpraxis-anantschenko.de\/ru\/"},{"@type":"ListItem","position":2,"name":"Zahnersatz"}]},{"@type":"WebSite","@id":"https:\/\/zahnarztpraxis-anantschenko.de\/de\/#website","url":"https:\/\/zahnarztpraxis-anantschenko.de\/de\/","name":"Zahnarztpraxis in Kiel, Wadim Anantschenko","description":"","publisher":{"@id":"https:\/\/zahnarztpraxis-anantschenko.de\/de\/#organization"},"potentialAction":[{"@type":"SearchAction","target":{"@type":"EntryPoint","urlTemplate":"https:\/\/zahnarztpraxis-anantschenko.de\/de\/?s={search_term_string}"},"query-input":{"@type":"PropertyValueSpecification","valueRequired":true,"valueName":"search_term_string"}}],"inLanguage":"de-DE"},{"@type":"Organization","@id":"https:\/\/zahnarztpraxis-anantschenko.de\/de\/#organization","name":"Zahnarztpraxis in Kiel, Wadim Anantschenko","url":"https:\/\/zahnarztpraxis-anantschenko.de\/de\/","logo":{"@type":"ImageObject","inLanguage":"de-DE","@id":"https:\/\/zahnarztpraxis-anantschenko.de\/de\/#\/schema\/logo\/image\/","url":"https:\/\/zahnarztpraxis-anantschenko.de\/wp-content\/uploads\/2023\/11\/cropped-logo-zahnarztpraxis-wadim-anantschenko-weiss.png","contentUrl":"https:\/\/zahnarztpraxis-anantschenko.de\/wp-content\/uploads\/2023\/11\/cropped-logo-zahnarztpraxis-wadim-anantschenko-weiss.png","width":302,"height":81,"caption":"Zahnarztpraxis in Kiel, Wadim Anantschenko"},"image":{"@id":"https:\/\/zahnarztpraxis-anantschenko.de\/de\/#\/schema\/logo\/image\/"}}]}},"_links":{"self":[{"href":"https:\/\/zahnarztpraxis-anantschenko.de\/de\/wp-json\/wp\/v2\/pages\/40","targetHints":{"allow":["GET"]}}],"collection":[{"href":"https:\/\/zahnarztpraxis-anantschenko.de\/de\/wp-json\/wp\/v2\/pages"}],"about":[{"href":"https:\/\/zahnarztpraxis-anantschenko.de\/de\/wp-json\/wp\/v2\/types\/page"}],"author":[{"embeddable":true,"href":"https:\/\/zahnarztpraxis-anantschenko.de\/de\/wp-json\/wp\/v2\/users\/1"}],"replies":[{"embeddable":true,"href":"https:\/\/zahnarztpraxis-anantschenko.de\/de\/wp-json\/wp\/v2\/comments?post=40"}],"version-history":[{"count":1,"href":"https:\/\/zahnarztpraxis-anantschenko.de\/de\/wp-json\/wp\/v2\/pages\/40\/revisions"}],"predecessor-version":[{"id":41,"href":"https:\/\/zahnarztpraxis-anantschenko.de\/de\/wp-json\/wp\/v2\/pages\/40\/revisions\/41"}],"wp:attachment":[{"href":"https:\/\/zahnarztpraxis-anantschenko.de\/de\/wp-json\/wp\/v2\/media?parent=40"}],"curies":[{"name":"wp","href":"https:\/\/api.w.org\/{rel}","templated":true}]}}