{"id":36,"date":"2023-07-10T13:46:57","date_gmt":"2023-07-10T13:46:57","guid":{"rendered":"https:\/\/zahnarztpraxis-anantschenko.de\/de\/?page_id=36"},"modified":"2023-07-10T13:46:57","modified_gmt":"2023-07-10T13:46:57","slug":"parodontologie","status":"publish","type":"page","link":"https:\/\/zahnarztpraxis-anantschenko.de\/de\/parodontologie","title":{"rendered":"Parodontologie"},"content":{"rendered":"<h2>Anatomie<\/h2>\n<p>Gesunde Z\u00e4hne beginnen mit einem gesunden Zahnfleisch. Das Zahnfleisch umschlie\u00dft die einzelnen Zahnh\u00e4lse und die R\u00e4nder des Alveolarknochens. Es verhindert das Eindringen von Bakterien in das Kieferinnere, wo diese an den Zahnh\u00e4lsen und den Zahnwurzeln Sch\u00e4den hervorrufen k\u00f6nnen. Damit w\u00fcrde der Zahn in seiner Basis angegriffen werden. Schmerzen und im schlimmsten Fall der Verlust der betroffenen Z\u00e4hne und ein daraus bedingter kostspieliger Zahnersatz k\u00f6nnen die Folge sein.<\/p>\n<p>Das Zahnfleisch dient als Halteapparat f\u00fcr die Z\u00e4hne und verhindert das Eindringen von Krankheitserregern. Als Plattenepithel ist es Teil der Mundschleimhaut, wo sich der untere Teil der Z\u00e4hne befindet. Durch eine Struktur aus feinen Fasern erhalten die Z\u00e4hne ihren Halt. Im oberen Bereich umschlie\u00dft das Zahnfleisch die Z\u00e4hne bis zu den Zahnkronen.<\/p>\n<p>In der Funktion bildet das Zahnfleisch den festen Halt der Z\u00e4hne und sch\u00fctzt sie gleichzeitig vor Erkrankungen im Bereich der Wurzel und Zahnh\u00e4lse, indem es die Zwischenr\u00e4ume zwischen den einzelnen Z\u00e4hnen vollst\u00e4ndig ausf\u00fcllt und abdichtet. So werden Entz\u00fcndungen und weitere Erkrankungen verhindert. Ist das Zahnfleisch angegriffen und entz\u00fcndet sich, entstehen sogenannte Zahnfleischtaschen. Das Zahnfleisch schwillt dabei \u00fcberwiegend an und \u00f6ffnet den Zugang zum Zahnhals. Treten Bakterien dort ein und die Entz\u00fcndung schreitet weiter vor. Die Fasern, die f\u00fcr den Halt der Z\u00e4hne verantwortlich sind, werden besch\u00e4digt und die Z\u00e4hne verlieren an Stabilit\u00e4t. Karies oder Wurzel- oder Nervenentz\u00fcndungen k\u00f6nnen zus\u00e4tzlich die Folge sein. Im fortgeschrittenen Stadium ist sogar ein Knochenabbau des Kiefers m\u00f6glich, der sogenannte Knochenfra\u00df. In diesem Zustand ist selbst ein Zahnersatz nur schwer m\u00f6glich und ein Knochenaufbau durch eigenes Knochenmaterial oder k\u00fcnstlichen Substanzen m\u00fcssten erfolgen.<\/p>\n<h2>Zahnfleischbehandlung<\/h2>\n<p>Bei der Parodontose ist eine Full-Mouth-Desinfection unabdingbar. Der gesamte Mund wird von Bakterien und Keimen gereinigt. Ein antibiotischer Effekt wird im Mund ausgel\u00f6st und zerst\u00f6rt ungewollte Krankheitserreger, die sich eventuell in der Mundschleimhaut festgesetzt haben. Diese Behandlung sollte in zwei nacheinander folgenden Sitzungen ausgef\u00fchrt werden und in Verbindung mit eine Professionelle Zahnreinigung stehen, damit die Mundhygiene ihren optimalen Stand erh\u00e4lt.<\/p>\n<p>Die moderne Zahnmedizin setzt hier auf neue Verfahren zur Zahnfleischbehandlung. Sofern sich der Befund in den anf\u00e4nglichen Stadien ergibt, wird mit scharfen L\u00f6ffeln, den Kurretten, die Zahnfleischbehandlung durchgef\u00fchrt. Hier werden durch die entstandenen Zahnfleischtaschen die Bakterien entlang der Zahnh\u00e4lse vernichtet. Konkremente, eine Art Zahnstein, die sich entlang des Zahnniveaus befinden, werden dabei weitgehendst abgetragen. Ultraschall unterst\u00fctzt den Abbauprozess.<\/p>\n<p>Eine weitere Behandlung bezieht sich auf die Abtragung von Konkrementen, die sich im unteren Bereich des Zahnes gebildet haben. Bereits nach dieser Behandlung versp\u00fcrt der Patient eine Besserung und erkennt deutlich ges\u00fcnder aussehendes Zahnfleisch an der Oberfl\u00e4che und die Z\u00e4hne erhalten vermehrte Standfestigkeit.<\/p>\n<h2>Laser<\/h2>\n<p>Eine schmerzfreie Zahnfleischbehandlung erfolgt \u00fcber den Laser. Das Prinzip ist das gleiche, aber die Vorteile \u00fcberzeugen gegen\u00fcber der herk\u00f6mmlichen Kurrettenbehandlung. Eine lokale Bet\u00e4ubung ist meist notwendig, da der Laser nicht schmerzfrei eingesetzt wird. Er arbeitet extrem pr\u00e4zise und effektiv in der Beseitigung von Bakterien und Keimen. W\u00e4hrend der Behandlung kommt es kaum zu Blutungen und die Narbenbildung ist minimal. Zudem verspricht der Lasereinsatz bei der Zahnfleischbehandlung eine z\u00fcgige Wundheilung.<\/p>\n<h2>Perio Chip<\/h2>\n<p>Weitere moderne Verfahren wie beispielsweise mit Perio Chip eigenen sich sowohl zur Vorbeugung von Parodontose als auch zur Behandlung mit gr\u00fcndlichen Reinigungseigenschaften. Dabei wird der Chip bei der Zahnfleischbehandlung in die Tasche platziert und kann dort insbesondere im akuten Zustand die Verbreitung von Keimen und Bakterien verhindern.<\/p>\n<p>Ob mit dem Laser, dem Perio Chip oder die Behandlung des unteren Kiefers mit den K\u00fcrretten mit Kosten\u00fcbernahme der gesetzlichen Krankenkasse durchgef\u00fchrt werden kann, bedarf es vorheriger Antragstellung mit Angabe der Notwendigkeit der gew\u00fcnschten Zahnfleischbehandlung. Nicht selten lehnt die Krankenkasse eine Kosten\u00fcbernahme ab, wenn die Zahnfleischerkrankung noch nicht weit fortgeschritten ist. Dennoch sollte der Patient sich dessen bewusst sein, dass der Beginn einer Zahnfleischentz\u00fcndung, auch der Beginn einer sehr schmerzhaften Zukunft mit sich bringen kann und notfalls sogar den Verlust der eigenen Z\u00e4hne zur Folge hat, wenn nicht fr\u00fchzeitig eine effektive Zahnfleischbehandlung eingeleitet wird.<\/p>\n","protected":false},"excerpt":{"rendered":"<p>Anatomie Gesunde Z\u00e4hne beginnen mit einem gesunden Zahnfleisch. Das Zahnfleisch umschlie\u00dft die einzelnen Zahnh\u00e4lse und die R\u00e4nder des Alveolarknochens. Es verhindert das Eindringen von Bakterien in das [&hellip;]<\/p>\n","protected":false},"author":1,"featured_media":0,"parent":0,"menu_order":0,"comment_status":"closed","ping_status":"closed","template":"","meta":{"footnotes":""},"class_list":["post-36","page","type-page","status-publish","hentry"],"yoast_head":"<!-- This site is optimized with the Yoast SEO plugin v26.7 - https:\/\/yoast.com\/wordpress\/plugins\/seo\/ -->\n<title>Parodontologie<\/title>\n<meta name=\"robots\" content=\"index, follow, max-snippet:-1, max-image-preview:large, max-video-preview:-1\" \/>\n<link rel=\"canonical\" href=\"https:\/\/zahnarztpraxis-anantschenko.de\/de\/parodontologie\" \/>\n<meta property=\"og:locale\" content=\"de_DE\" \/>\n<meta property=\"og:type\" content=\"article\" \/>\n<meta property=\"og:title\" content=\"Parodontologie\" \/>\n<meta property=\"og:description\" content=\"Anatomie Gesunde Z\u00e4hne beginnen mit einem gesunden Zahnfleisch. Das Zahnfleisch umschlie\u00dft die einzelnen Zahnh\u00e4lse und die R\u00e4nder des Alveolarknochens. Es verhindert das Eindringen von Bakterien in das [&hellip;]\" \/>\n<meta property=\"og:url\" content=\"https:\/\/zahnarztpraxis-anantschenko.de\/de\/parodontologie\" \/>\n<meta property=\"og:site_name\" content=\"Zahnarztpraxis in Kiel, Wadim Anantschenko\" \/>\n<meta name=\"twitter:card\" content=\"summary_large_image\" \/>\n<meta name=\"twitter:label1\" content=\"Gesch\u00e4tzte Lesezeit\" \/>\n\t<meta name=\"twitter:data1\" content=\"4\u00a0Minuten\" \/>\n<script type=\"application\/ld+json\" class=\"yoast-schema-graph\">{\"@context\":\"https:\/\/schema.org\",\"@graph\":[{\"@type\":\"WebPage\",\"@id\":\"https:\/\/zahnarztpraxis-anantschenko.de\/de\/parodontologie\",\"url\":\"https:\/\/zahnarztpraxis-anantschenko.de\/de\/parodontologie\",\"name\":\"Parodontologie\",\"isPartOf\":{\"@id\":\"https:\/\/zahnarztpraxis-anantschenko.de\/de\/#website\"},\"datePublished\":\"2023-07-10T13:46:57+00:00\",\"breadcrumb\":{\"@id\":\"https:\/\/zahnarztpraxis-anantschenko.de\/de\/parodontologie#breadcrumb\"},\"inLanguage\":\"de-DE\",\"potentialAction\":[{\"@type\":\"ReadAction\",\"target\":[\"https:\/\/zahnarztpraxis-anantschenko.de\/de\/parodontologie\"]}]},{\"@type\":\"BreadcrumbList\",\"@id\":\"https:\/\/zahnarztpraxis-anantschenko.de\/de\/parodontologie#breadcrumb\",\"itemListElement\":[{\"@type\":\"ListItem\",\"position\":1,\"name\":\"Home\",\"item\":\"https:\/\/zahnarztpraxis-anantschenko.de\/ru\/\"},{\"@type\":\"ListItem\",\"position\":2,\"name\":\"Parodontologie\"}]},{\"@type\":\"WebSite\",\"@id\":\"https:\/\/zahnarztpraxis-anantschenko.de\/de\/#website\",\"url\":\"https:\/\/zahnarztpraxis-anantschenko.de\/de\/\",\"name\":\"Zahnarztpraxis in Kiel, Wadim Anantschenko\",\"description\":\"\",\"publisher\":{\"@id\":\"https:\/\/zahnarztpraxis-anantschenko.de\/de\/#organization\"},\"potentialAction\":[{\"@type\":\"SearchAction\",\"target\":{\"@type\":\"EntryPoint\",\"urlTemplate\":\"https:\/\/zahnarztpraxis-anantschenko.de\/de\/?s={search_term_string}\"},\"query-input\":{\"@type\":\"PropertyValueSpecification\",\"valueRequired\":true,\"valueName\":\"search_term_string\"}}],\"inLanguage\":\"de-DE\"},{\"@type\":\"Organization\",\"@id\":\"https:\/\/zahnarztpraxis-anantschenko.de\/de\/#organization\",\"name\":\"Zahnarztpraxis in Kiel, Wadim Anantschenko\",\"url\":\"https:\/\/zahnarztpraxis-anantschenko.de\/de\/\",\"logo\":{\"@type\":\"ImageObject\",\"inLanguage\":\"de-DE\",\"@id\":\"https:\/\/zahnarztpraxis-anantschenko.de\/de\/#\/schema\/logo\/image\/\",\"url\":\"https:\/\/zahnarztpraxis-anantschenko.de\/wp-content\/uploads\/2023\/11\/cropped-logo-zahnarztpraxis-wadim-anantschenko-weiss.png\",\"contentUrl\":\"https:\/\/zahnarztpraxis-anantschenko.de\/wp-content\/uploads\/2023\/11\/cropped-logo-zahnarztpraxis-wadim-anantschenko-weiss.png\",\"width\":302,\"height\":81,\"caption\":\"Zahnarztpraxis in Kiel, Wadim Anantschenko\"},\"image\":{\"@id\":\"https:\/\/zahnarztpraxis-anantschenko.de\/de\/#\/schema\/logo\/image\/\"}}]}<\/script>\n<!-- \/ Yoast SEO plugin. -->","yoast_head_json":{"title":"Parodontologie","robots":{"index":"index","follow":"follow","max-snippet":"max-snippet:-1","max-image-preview":"max-image-preview:large","max-video-preview":"max-video-preview:-1"},"canonical":"https:\/\/zahnarztpraxis-anantschenko.de\/de\/parodontologie","og_locale":"de_DE","og_type":"article","og_title":"[:de]Parodontologie[:] - Zahnarztpraxis in Kiel, Wadim Anantschenko","og_description":"Anatomie Gesunde Z\u00e4hne beginnen mit einem gesunden Zahnfleisch. Das Zahnfleisch umschlie\u00dft die einzelnen Zahnh\u00e4lse und die R\u00e4nder des Alveolarknochens. Es verhindert das Eindringen von Bakterien in das [&hellip;]","og_url":"https:\/\/zahnarztpraxis-anantschenko.de\/de\/parodontologie","og_site_name":"Zahnarztpraxis in Kiel, Wadim Anantschenko","twitter_card":"summary_large_image","twitter_misc":{"Gesch\u00e4tzte Lesezeit":"4\u00a0Minuten"},"schema":{"@context":"https:\/\/schema.org","@graph":[{"@type":"WebPage","@id":"https:\/\/zahnarztpraxis-anantschenko.de\/de\/parodontologie","url":"https:\/\/zahnarztpraxis-anantschenko.de\/de\/parodontologie","name":"Parodontologie","isPartOf":{"@id":"https:\/\/zahnarztpraxis-anantschenko.de\/de\/#website"},"datePublished":"2023-07-10T13:46:57+00:00","breadcrumb":{"@id":"https:\/\/zahnarztpraxis-anantschenko.de\/de\/parodontologie#breadcrumb"},"inLanguage":"de-DE","potentialAction":[{"@type":"ReadAction","target":["https:\/\/zahnarztpraxis-anantschenko.de\/de\/parodontologie"]}]},{"@type":"BreadcrumbList","@id":"https:\/\/zahnarztpraxis-anantschenko.de\/de\/parodontologie#breadcrumb","itemListElement":[{"@type":"ListItem","position":1,"name":"Home","item":"https:\/\/zahnarztpraxis-anantschenko.de\/ru\/"},{"@type":"ListItem","position":2,"name":"Parodontologie"}]},{"@type":"WebSite","@id":"https:\/\/zahnarztpraxis-anantschenko.de\/de\/#website","url":"https:\/\/zahnarztpraxis-anantschenko.de\/de\/","name":"Zahnarztpraxis in Kiel, Wadim Anantschenko","description":"","publisher":{"@id":"https:\/\/zahnarztpraxis-anantschenko.de\/de\/#organization"},"potentialAction":[{"@type":"SearchAction","target":{"@type":"EntryPoint","urlTemplate":"https:\/\/zahnarztpraxis-anantschenko.de\/de\/?s={search_term_string}"},"query-input":{"@type":"PropertyValueSpecification","valueRequired":true,"valueName":"search_term_string"}}],"inLanguage":"de-DE"},{"@type":"Organization","@id":"https:\/\/zahnarztpraxis-anantschenko.de\/de\/#organization","name":"Zahnarztpraxis in Kiel, Wadim Anantschenko","url":"https:\/\/zahnarztpraxis-anantschenko.de\/de\/","logo":{"@type":"ImageObject","inLanguage":"de-DE","@id":"https:\/\/zahnarztpraxis-anantschenko.de\/de\/#\/schema\/logo\/image\/","url":"https:\/\/zahnarztpraxis-anantschenko.de\/wp-content\/uploads\/2023\/11\/cropped-logo-zahnarztpraxis-wadim-anantschenko-weiss.png","contentUrl":"https:\/\/zahnarztpraxis-anantschenko.de\/wp-content\/uploads\/2023\/11\/cropped-logo-zahnarztpraxis-wadim-anantschenko-weiss.png","width":302,"height":81,"caption":"Zahnarztpraxis in Kiel, Wadim Anantschenko"},"image":{"@id":"https:\/\/zahnarztpraxis-anantschenko.de\/de\/#\/schema\/logo\/image\/"}}]}},"_links":{"self":[{"href":"https:\/\/zahnarztpraxis-anantschenko.de\/de\/wp-json\/wp\/v2\/pages\/36","targetHints":{"allow":["GET"]}}],"collection":[{"href":"https:\/\/zahnarztpraxis-anantschenko.de\/de\/wp-json\/wp\/v2\/pages"}],"about":[{"href":"https:\/\/zahnarztpraxis-anantschenko.de\/de\/wp-json\/wp\/v2\/types\/page"}],"author":[{"embeddable":true,"href":"https:\/\/zahnarztpraxis-anantschenko.de\/de\/wp-json\/wp\/v2\/users\/1"}],"replies":[{"embeddable":true,"href":"https:\/\/zahnarztpraxis-anantschenko.de\/de\/wp-json\/wp\/v2\/comments?post=36"}],"version-history":[{"count":1,"href":"https:\/\/zahnarztpraxis-anantschenko.de\/de\/wp-json\/wp\/v2\/pages\/36\/revisions"}],"predecessor-version":[{"id":37,"href":"https:\/\/zahnarztpraxis-anantschenko.de\/de\/wp-json\/wp\/v2\/pages\/36\/revisions\/37"}],"wp:attachment":[{"href":"https:\/\/zahnarztpraxis-anantschenko.de\/de\/wp-json\/wp\/v2\/media?parent=36"}],"curies":[{"name":"wp","href":"https:\/\/api.w.org\/{rel}","templated":true}]}}