{"id":34,"date":"2023-07-10T13:46:30","date_gmt":"2023-07-10T13:46:30","guid":{"rendered":"https:\/\/zahnarztpraxis-anantschenko.de\/de\/?page_id=34"},"modified":"2023-07-10T13:46:30","modified_gmt":"2023-07-10T13:46:30","slug":"implantologie","status":"publish","type":"page","link":"https:\/\/zahnarztpraxis-anantschenko.de\/de\/implantologie","title":{"rendered":"Implantologie"},"content":{"rendered":"<h1>Was ist ein Implantat?<\/h1>\n<p>Implantate sind Z\u00e4hne, die k\u00fcnstlich hergestellt und im Kiefer fest verankert werden. Dadurch erhalten sie einen festen Halt und ihre Lebensdauer ist deutlich h\u00f6her, als die von\u00a0<a title=\"was ist ein Zahnersatz\" href=\"https:\/\/www.zahnarztpraxis-anantschenko.de\/de\/zahnersatz\">Zahnersatz<\/a>. Zudem dr\u00fcckt ein Implantat weiterhin auf den Kiefer, das zur Folge hat, das der Knochen auch zuk\u00fcnftig stimuliert wird und dementsprechend nicht schrumpft, wie das oftmals bei Zahnersatz der Fall ist. Die Bei\u00dfkraft ist wesentlich h\u00f6her, als mit dem Zahnersatz und beim Sprechen sind keine Unterschiede bemerkbar in der Aussprache.<\/p>\n<h2>Vorteile gegen\u00fcber Zahnersatz<\/h2>\n<p>Die Vorteile von Implantaten liegen auf der Hand.<\/p>\n<ul class=\"list-tick\">\n<li><b>Keine Besch\u00e4digung der echten Z\u00e4hne<\/b><br \/>\nEs werden angrenzende, echte Z\u00e4hne bei der Implantatsetzung nicht besch\u00e4digt, wenn man bedenkt, dass diese f\u00fcr zahlreiche Zahnerzs\u00e4tze abgeschliffen werden m\u00fcssen oder Haken an ihnen befestigt werden.<\/li>\n<li><b>optisch passend<\/b><br \/>\nAu\u00dferdem f\u00fchlt sich das Implantat nicht nur echt an, es passt sich auch \u00e4sthetisch der Optik eines echten Zahnes an.<\/li>\n<li><b>Kosteng\u00fcnstig<\/b><br \/>\nDas Implantat ist auf Dauer kosteng\u00fcnstiger. Auch wenn die Anschaffung erst mal eine finanzielle Belastung darstellt und die gesetzlichen Krankenkassen ihren festen Kostenbeitrag zwar leistet, aber oftmals aus eigener Tasche hinzu gezahlt werden muss, so erh\u00e4lt der Patient ein Implantat, das anderen kosteng\u00fcnstigeren Varianten um viele Jahre in der Haltbarkeit \u00fcberlegen ist.<\/li>\n<\/ul>\n<p>&nbsp;<\/p>\n<h2>Wie wird ein Implantat eingesetzt?<\/h2>\n<p>Um Implantate zu setzen, ben\u00f6tigt der Patient einen gesunden Kiefer, wo das Implantat seinen Halt bekommen kann. Sogenannte Schrauben, die zylinderf\u00f6rmig aus Titan einer Schraube \u00e4hneln, k\u00f6nnen operativ ohne gro\u00dfen Aufwand in den gesunden Kieferknochen eingedreht werden.<\/p>\n<h3>Bet\u00e4ubung<\/h3>\n<p>Das Implantat wird unter \u00f6rtlicher Bet\u00e4ubung eingesetzt. Die Behandlung dauert je nach Behandlungsumfang und Bildung des Kiefers zwischen 20 Minuten und zwei Stunden. Durch die \u00f6rtliche Bet\u00e4ubung, die in das Zahnfleisch gesetzt wird, sind die Patienten fast schmerzfrei w\u00e4hrend der gesamten Behandlung.<\/p>\n<h3>Einsatz<\/h3>\n<p>Es wird ein Schnitt entlang der Mundschleimhaut auf dem Kieferknochen gezogen, um diesen freizulegen. Beginnend mit einem kleinen Bohrer, der sich immer weiter verdickt, wird ein Loch in den Kieferknochen gefr\u00e4st, der exakt den Ma\u00dfen der Titan-Schraube entspricht. Da diese Schraube mit einem Gewinde versehen ist, wird diese dann in die Vertiefung gedreht, was vergleichbar mit einer Schraube ist, die in Holz geschraubt wird. Die Schraube dreht sich dabei vorsichtig in die Kieferw\u00e4nde ein, welches der Schraube einen festen Halt garantiert.<\/p>\n<p>Der Hohlraum der zylinderf\u00f6rmigen Kieferschraube wird nun mit einer weiteren Schraube verschlossen. Damit wird verhindert, dass Gewebe einw\u00e4chst oder Bakterien und Keime sich dort ausbreiten k\u00f6nnen. Schlie\u00dflich wird das Zahnfleisch oberhalb der Verschraubung wieder zugen\u00e4ht und die Schraube kann nat\u00fcrlich mit dem Kieferknochen verwachsen.<\/p>\n<h2>Wie heilt ein Implantat aus?<\/h2>\n<p>In der Regel dauert die Wundheilung eine l\u00e4ngere Zeit. Ist sie abgeschlossen, kann die innen liegende Schraube wieder entnommen werden, damit Platz f\u00fcr den k\u00fcnstlichen Zahn geschaffen wird. Dieser verf\u00fcgt am unteren Ende ebenfalls \u00fcber ein Gewinde, das nun in die Kieferverschraubung eingedreht werden kann. Auf diese Art und Weise erh\u00e4lt der Patient k\u00fcnstliche Z\u00e4hne, die wie die echten Z\u00e4hne im Kiefer gehalten werden.<\/p>\n<p>Wie bereits erw\u00e4hnt, m\u00fcssen das Zahnfleisch und der Kiefer frei von Entz\u00fcndungen und Erkrankungen sein. Diese k\u00f6nnten nicht nur den Heilungsprozess verz\u00f6gern, sondern auch den Halt des Implantates reduzieren, da dieses nicht vollst\u00e4ndig in den Knochen einwachsen kann. Komplikationen hat der Patient nicht zu erwarten.<\/p>\n","protected":false},"excerpt":{"rendered":"<p>Was ist ein Implantat? Implantate sind Z\u00e4hne, die k\u00fcnstlich hergestellt und im Kiefer fest verankert werden. Dadurch erhalten sie einen festen Halt und ihre Lebensdauer ist deutlich [&hellip;]<\/p>\n","protected":false},"author":1,"featured_media":0,"parent":0,"menu_order":0,"comment_status":"closed","ping_status":"closed","template":"","meta":{"footnotes":""},"class_list":["post-34","page","type-page","status-publish","hentry"],"yoast_head":"<!-- This site is optimized with the Yoast SEO plugin v27.4 - https:\/\/yoast.com\/product\/yoast-seo-wordpress\/ -->\n<title>Implantologie<\/title>\n<meta name=\"robots\" content=\"index, follow, max-snippet:-1, max-image-preview:large, max-video-preview:-1\" \/>\n<link rel=\"canonical\" href=\"https:\/\/zahnarztpraxis-anantschenko.de\/de\/implantologie\" \/>\n<meta property=\"og:locale\" content=\"de_DE\" \/>\n<meta property=\"og:type\" content=\"article\" \/>\n<meta property=\"og:title\" content=\"Implantologie\" \/>\n<meta property=\"og:description\" content=\"Was ist ein Implantat? Implantate sind Z\u00e4hne, die k\u00fcnstlich hergestellt und im Kiefer fest verankert werden. Dadurch erhalten sie einen festen Halt und ihre Lebensdauer ist deutlich [&hellip;]\" \/>\n<meta property=\"og:url\" content=\"https:\/\/zahnarztpraxis-anantschenko.de\/de\/implantologie\" \/>\n<meta property=\"og:site_name\" content=\"Zahnarztpraxis in Kiel, Wadim Anantschenko\" \/>\n<meta name=\"twitter:card\" content=\"summary_large_image\" \/>\n<meta name=\"twitter:label1\" content=\"Gesch\u00e4tzte Lesezeit\" \/>\n\t<meta name=\"twitter:data1\" content=\"3\u00a0Minuten\" \/>\n<script type=\"application\/ld+json\" class=\"yoast-schema-graph\">{\"@context\":\"https:\\\/\\\/schema.org\",\"@graph\":[{\"@type\":\"WebPage\",\"@id\":\"https:\\\/\\\/zahnarztpraxis-anantschenko.de\\\/de\\\/implantologie\",\"url\":\"https:\\\/\\\/zahnarztpraxis-anantschenko.de\\\/de\\\/implantologie\",\"name\":\"Implantologie\",\"isPartOf\":{\"@id\":\"https:\\\/\\\/zahnarztpraxis-anantschenko.de\\\/de\\\/#website\"},\"datePublished\":\"2023-07-10T13:46:30+00:00\",\"breadcrumb\":{\"@id\":\"https:\\\/\\\/zahnarztpraxis-anantschenko.de\\\/de\\\/implantologie#breadcrumb\"},\"inLanguage\":\"de-DE\",\"potentialAction\":[{\"@type\":\"ReadAction\",\"target\":[\"https:\\\/\\\/zahnarztpraxis-anantschenko.de\\\/de\\\/implantologie\"]}]},{\"@type\":\"BreadcrumbList\",\"@id\":\"https:\\\/\\\/zahnarztpraxis-anantschenko.de\\\/de\\\/implantologie#breadcrumb\",\"itemListElement\":[{\"@type\":\"ListItem\",\"position\":1,\"name\":\"Home\",\"item\":\"https:\\\/\\\/zahnarztpraxis-anantschenko.de\\\/ru\\\/\"},{\"@type\":\"ListItem\",\"position\":2,\"name\":\"Implantologie\"}]},{\"@type\":\"WebSite\",\"@id\":\"https:\\\/\\\/zahnarztpraxis-anantschenko.de\\\/de\\\/#website\",\"url\":\"https:\\\/\\\/zahnarztpraxis-anantschenko.de\\\/de\\\/\",\"name\":\"Zahnarztpraxis in Kiel, Wadim Anantschenko\",\"description\":\"\",\"publisher\":{\"@id\":\"https:\\\/\\\/zahnarztpraxis-anantschenko.de\\\/de\\\/#organization\"},\"potentialAction\":[{\"@type\":\"SearchAction\",\"target\":{\"@type\":\"EntryPoint\",\"urlTemplate\":\"https:\\\/\\\/zahnarztpraxis-anantschenko.de\\\/de\\\/?s={search_term_string}\"},\"query-input\":{\"@type\":\"PropertyValueSpecification\",\"valueRequired\":true,\"valueName\":\"search_term_string\"}}],\"inLanguage\":\"de-DE\"},{\"@type\":\"Organization\",\"@id\":\"https:\\\/\\\/zahnarztpraxis-anantschenko.de\\\/de\\\/#organization\",\"name\":\"Zahnarztpraxis in Kiel, Wadim Anantschenko\",\"url\":\"https:\\\/\\\/zahnarztpraxis-anantschenko.de\\\/de\\\/\",\"logo\":{\"@type\":\"ImageObject\",\"inLanguage\":\"de-DE\",\"@id\":\"https:\\\/\\\/zahnarztpraxis-anantschenko.de\\\/de\\\/#\\\/schema\\\/logo\\\/image\\\/\",\"url\":\"https:\\\/\\\/zahnarztpraxis-anantschenko.de\\\/wp-content\\\/uploads\\\/2023\\\/11\\\/cropped-logo-zahnarztpraxis-wadim-anantschenko-weiss.png\",\"contentUrl\":\"https:\\\/\\\/zahnarztpraxis-anantschenko.de\\\/wp-content\\\/uploads\\\/2023\\\/11\\\/cropped-logo-zahnarztpraxis-wadim-anantschenko-weiss.png\",\"width\":302,\"height\":81,\"caption\":\"Zahnarztpraxis in Kiel, Wadim Anantschenko\"},\"image\":{\"@id\":\"https:\\\/\\\/zahnarztpraxis-anantschenko.de\\\/de\\\/#\\\/schema\\\/logo\\\/image\\\/\"}}]}<\/script>\n<!-- \/ Yoast SEO plugin. -->","yoast_head_json":{"title":"Implantologie","robots":{"index":"index","follow":"follow","max-snippet":"max-snippet:-1","max-image-preview":"max-image-preview:large","max-video-preview":"max-video-preview:-1"},"canonical":"https:\/\/zahnarztpraxis-anantschenko.de\/de\/implantologie","og_locale":"de_DE","og_type":"article","og_title":"[:de]Implantologie[:] - Zahnarztpraxis in Kiel, Wadim Anantschenko","og_description":"Was ist ein Implantat? Implantate sind Z\u00e4hne, die k\u00fcnstlich hergestellt und im Kiefer fest verankert werden. Dadurch erhalten sie einen festen Halt und ihre Lebensdauer ist deutlich [&hellip;]","og_url":"https:\/\/zahnarztpraxis-anantschenko.de\/de\/implantologie","og_site_name":"Zahnarztpraxis in Kiel, Wadim Anantschenko","twitter_card":"summary_large_image","twitter_misc":{"Gesch\u00e4tzte Lesezeit":"3\u00a0Minuten"},"schema":{"@context":"https:\/\/schema.org","@graph":[{"@type":"WebPage","@id":"https:\/\/zahnarztpraxis-anantschenko.de\/de\/implantologie","url":"https:\/\/zahnarztpraxis-anantschenko.de\/de\/implantologie","name":"Implantologie","isPartOf":{"@id":"https:\/\/zahnarztpraxis-anantschenko.de\/de\/#website"},"datePublished":"2023-07-10T13:46:30+00:00","breadcrumb":{"@id":"https:\/\/zahnarztpraxis-anantschenko.de\/de\/implantologie#breadcrumb"},"inLanguage":"de-DE","potentialAction":[{"@type":"ReadAction","target":["https:\/\/zahnarztpraxis-anantschenko.de\/de\/implantologie"]}]},{"@type":"BreadcrumbList","@id":"https:\/\/zahnarztpraxis-anantschenko.de\/de\/implantologie#breadcrumb","itemListElement":[{"@type":"ListItem","position":1,"name":"Home","item":"https:\/\/zahnarztpraxis-anantschenko.de\/ru\/"},{"@type":"ListItem","position":2,"name":"Implantologie"}]},{"@type":"WebSite","@id":"https:\/\/zahnarztpraxis-anantschenko.de\/de\/#website","url":"https:\/\/zahnarztpraxis-anantschenko.de\/de\/","name":"Zahnarztpraxis in Kiel, Wadim Anantschenko","description":"","publisher":{"@id":"https:\/\/zahnarztpraxis-anantschenko.de\/de\/#organization"},"potentialAction":[{"@type":"SearchAction","target":{"@type":"EntryPoint","urlTemplate":"https:\/\/zahnarztpraxis-anantschenko.de\/de\/?s={search_term_string}"},"query-input":{"@type":"PropertyValueSpecification","valueRequired":true,"valueName":"search_term_string"}}],"inLanguage":"de-DE"},{"@type":"Organization","@id":"https:\/\/zahnarztpraxis-anantschenko.de\/de\/#organization","name":"Zahnarztpraxis in Kiel, Wadim Anantschenko","url":"https:\/\/zahnarztpraxis-anantschenko.de\/de\/","logo":{"@type":"ImageObject","inLanguage":"de-DE","@id":"https:\/\/zahnarztpraxis-anantschenko.de\/de\/#\/schema\/logo\/image\/","url":"https:\/\/zahnarztpraxis-anantschenko.de\/wp-content\/uploads\/2023\/11\/cropped-logo-zahnarztpraxis-wadim-anantschenko-weiss.png","contentUrl":"https:\/\/zahnarztpraxis-anantschenko.de\/wp-content\/uploads\/2023\/11\/cropped-logo-zahnarztpraxis-wadim-anantschenko-weiss.png","width":302,"height":81,"caption":"Zahnarztpraxis in Kiel, Wadim Anantschenko"},"image":{"@id":"https:\/\/zahnarztpraxis-anantschenko.de\/de\/#\/schema\/logo\/image\/"}}]}},"_links":{"self":[{"href":"https:\/\/zahnarztpraxis-anantschenko.de\/de\/wp-json\/wp\/v2\/pages\/34","targetHints":{"allow":["GET"]}}],"collection":[{"href":"https:\/\/zahnarztpraxis-anantschenko.de\/de\/wp-json\/wp\/v2\/pages"}],"about":[{"href":"https:\/\/zahnarztpraxis-anantschenko.de\/de\/wp-json\/wp\/v2\/types\/page"}],"author":[{"embeddable":true,"href":"https:\/\/zahnarztpraxis-anantschenko.de\/de\/wp-json\/wp\/v2\/users\/1"}],"replies":[{"embeddable":true,"href":"https:\/\/zahnarztpraxis-anantschenko.de\/de\/wp-json\/wp\/v2\/comments?post=34"}],"version-history":[{"count":1,"href":"https:\/\/zahnarztpraxis-anantschenko.de\/de\/wp-json\/wp\/v2\/pages\/34\/revisions"}],"predecessor-version":[{"id":35,"href":"https:\/\/zahnarztpraxis-anantschenko.de\/de\/wp-json\/wp\/v2\/pages\/34\/revisions\/35"}],"wp:attachment":[{"href":"https:\/\/zahnarztpraxis-anantschenko.de\/de\/wp-json\/wp\/v2\/media?parent=34"}],"curies":[{"name":"wp","href":"https:\/\/api.w.org\/{rel}","templated":true}]}}