{"id":28,"date":"2023-07-08T15:20:59","date_gmt":"2023-07-08T15:20:59","guid":{"rendered":"https:\/\/zahnarztpraxis-anantschenko.de\/de\/?page_id=28"},"modified":"2024-01-31T08:21:10","modified_gmt":"2024-01-31T08:21:10","slug":"deutsch","status":"publish","type":"page","link":"https:\/\/zahnarztpraxis-anantschenko.de\/de\/","title":{"rendered":"Zahnarztpraxis in Kiel"},"content":{"rendered":"<p>Seit 1980 steht unsere Zahnarztpraxis f\u00fcr Zahnbehandlungen auf h\u00f6chstem Niveau. Als Nachfolger von Frau Dr. med. Stegen und Frau Wozniak bin ich gewillt diesen Ruf zu folgen und meinen Patienten die bestm\u00f6gliche Zahnbehandlung zukommen zu lassen.<\/p>\n<p>Neben Erneuerungen durch zus\u00e4tzliche R\u00e4umlichkeiten, Renovierungsarbeiten und Neuanschaffungen von digitalen R\u00f6ntgenanlagen, wird die Betreuung der Stammpatienten in gewohnter Weise ausgef\u00fchrt. Neue Patienten sind eingeladen, sich einen pers\u00f6nlichen Eindruck unserer Praxis zu verschaffen. Wir stehen als Team jederzeit gern f\u00fcr Fragen und Anregungen zu Verf\u00fcgung.<\/p>\n<p>Unser Praxisteam besteht aus hoch motivierten Zahnarzthelferinnen, die durch Weiterbildungen \u00fcber ein hohes Qualifizierungsniveau verf\u00fcgen. Die gesamte Praxisorganisation, der Behandlungsablauf und die pers\u00f6nliche Betreuung stehen im Vordergrund, damit sich jeder Patient bei uns wohlf\u00fchlt, nicht lange Warten muss und sich einer erstklassigen Behandlung sicher sein kann.<\/p>\n<p>Unsere Behandlungsr\u00e4ume sind ausgestattet mit den modernsten Technologien, die Grundvoraussetzung f\u00fcr eine optimale, intensive und schmerzfreie Zahnbehandlung sind. Unsere digitale R\u00f6ntgenanlage garantiert geringsten Strahlenbelastungen und \u00fcberzeugt durch klare und aussagekr\u00e4ftige Ergebnisse. Der Wartebereich ist gem\u00fctlich eingerichtet und bietet w\u00e4hrend der Wartezeit auch f\u00fcr die kleinen Patienten ausreichend Unterhaltungsmaterial.<\/p>\n<p>Wir nehmen uns Zeit, gehen auf die Bed\u00fcrfnisse unserer Patienten ein und garantieren eine individuelle Planung von Vorsorgen, kompetente Behandlungen und fachgerechte Nachsorgen. Unsere Leistungen sind \u00fcberdurchschnittlich und passen sich den Anspr\u00fcchen von Patienten, Kosten\u00fcbernahmen und Zahnbehandlungsbedarf an.<\/p>\n<p>In der ganzheitlichen Zahnmedizin f\u00fchren wir Untersuchungen von Erkrankungen an Z\u00e4hnen und Kiefern durch, die negativen Einfluss auf die Gesundheit des gesamten K\u00f6rpers nehmen k\u00f6nnten. Mit der Zahnmedizin sorgen wir nicht nur f\u00fcr ein strahlendes L\u00e4cheln, sondern sind auch am Gesamtbefinden unserer Patienten interessiert.<\/p>\n<p>Die Prophylaxe spielt in der Zahnmedizin eine gro\u00dfe Rolle, die wir sehr ernst nehmen. Karies und Parodontitis geh\u00f6ren zu den Zahnerkrankungen, die Z\u00e4hne langfristig sch\u00e4digen k\u00f6nnen. Um dies zu verhindern, ist die Prophylaxe Bestandteil eines jeden Patientenbesuches. Auf Wunsch versiegeln wir zum Schutz des Zahnschmelzes die Z\u00e4hne. Professionelle Reinigungen und das Entfernen von Zahnstein geh\u00f6ren zu unseren Routinearbeiten.<\/p>\n<p>In der Paradontologie nehmen wir uns dem R\u00fcckgang und der Entz\u00fcndung des Zahnfleisches an. Die Paradontose f\u00fchrt zwangsl\u00e4ufig zur Zerst\u00f6rung des Knochengewebes und zum Verlust der Z\u00e4hne. Eine Paradontitisbehandlung kann von uns bei fr\u00fchzeitigem Erkennen Erfolg versprechend behandelt werden. Dabei werden die Zahnfleischtaschen schonend gereinigt und der gesamte Mundraum von Bakterien befreit. Dabei gehen wir sorgsam vor und sorgen daf\u00fcr, dass die Behandlung f\u00fcr unsere Patienten schmerzfrei vonstatten geht.<\/p>\n<p>Zudem bieten wir ein gro\u00dfes Fachwissen an \u00e4sthetischer Zahnmedizin. Amalgamf\u00fcllungen ersetzen wir durch hochwertige Kunststofff\u00fcllungen oder langhaltende Inlays. Bleichungen geh\u00f6ren zu unserem Tagesgesch\u00e4ft. Metallhaltigen Zahnersatz k\u00f6nnen wir durch optisch ansprechendere Materialien austauschen. Implantate, Br\u00fccken und Kronen sowie jeglicher Zahnersatz werden von uns zeitnah und professionell erledigt. Wir achten auf die h\u00f6chsten hygienischen Vorgaben und arbeiten ausschlie\u00dflich mit Stoffen, die weder den Mundraum noch das Wohlbefinden belasten k\u00f6nnten.<\/p>\n<p>F\u00fcr Dienstleistungen, die nicht in unseren R\u00e4umlichkeiten durchgef\u00fchrt werden k\u00f6nnen, kooperieren wir mit Partnern, die durch Qualit\u00e4t, Zuverl\u00e4ssigkeit und Professionalit\u00e4t \u00fcberzeugen.<\/p>\n<p>Wir freuen uns auf das Vertrauen, welches uns entgegengebracht wird, und hoffen auf einen baldigen Besuch in der Johannesstr. 45 in 24143 Kiel Gaarden zu den gewohnten \u00d6ffnungszeiten.<\/p>\n","protected":false},"excerpt":{"rendered":"<p>Seit 1980 steht unsere Zahnarztpraxis f\u00fcr Zahnbehandlungen auf h\u00f6chstem Niveau. Als Nachfolger von Frau Dr. med. Stegen und Frau Wozniak bin ich gewillt diesen Ruf zu folgen [&hellip;]<\/p>\n","protected":false},"author":1,"featured_media":0,"parent":0,"menu_order":0,"comment_status":"closed","ping_status":"closed","template":"","meta":{"footnotes":""},"class_list":["post-28","page","type-page","status-publish","hentry"],"yoast_head":"<!-- This site is optimized with the Yoast SEO plugin v26.7 - https:\/\/yoast.com\/wordpress\/plugins\/seo\/ -->\n<title>Zahnarztpraxis in Kiel<\/title>\n<meta name=\"robots\" content=\"index, follow, max-snippet:-1, max-image-preview:large, max-video-preview:-1\" \/>\n<link rel=\"canonical\" href=\"https:\/\/zahnarztpraxis-anantschenko.de\/de\/ru\/\" \/>\n<meta property=\"og:locale\" content=\"de_DE\" \/>\n<meta property=\"og:type\" content=\"article\" \/>\n<meta property=\"og:title\" content=\"Zahnarztpraxis in Kiel\" \/>\n<meta property=\"og:description\" content=\"Seit 1980 steht unsere Zahnarztpraxis f\u00fcr Zahnbehandlungen auf h\u00f6chstem Niveau. Als Nachfolger von Frau Dr. med. Stegen und Frau Wozniak bin ich gewillt diesen Ruf zu folgen [&hellip;]\" \/>\n<meta property=\"og:url\" content=\"https:\/\/zahnarztpraxis-anantschenko.de\/de\/\" \/>\n<meta property=\"og:site_name\" content=\"Zahnarztpraxis in Kiel, Wadim Anantschenko\" \/>\n<meta property=\"article:modified_time\" content=\"2024-01-31T08:21:10+00:00\" \/>\n<meta name=\"twitter:card\" content=\"summary_large_image\" \/>\n<meta name=\"twitter:label1\" content=\"Gesch\u00e4tzte Lesezeit\" \/>\n\t<meta name=\"twitter:data1\" content=\"3\u00a0Minuten\" \/>\n<script type=\"application\/ld+json\" class=\"yoast-schema-graph\">{\"@context\":\"https:\/\/schema.org\",\"@graph\":[{\"@type\":\"WebPage\",\"@id\":\"https:\/\/zahnarztpraxis-anantschenko.de\/ru\/\",\"url\":\"https:\/\/zahnarztpraxis-anantschenko.de\/ru\/\",\"name\":\"Zahnarztpraxis in Kiel\",\"isPartOf\":{\"@id\":\"https:\/\/zahnarztpraxis-anantschenko.de\/de\/#website\"},\"datePublished\":\"2023-07-08T15:20:59+00:00\",\"dateModified\":\"2024-01-31T08:21:10+00:00\",\"breadcrumb\":{\"@id\":\"https:\/\/zahnarztpraxis-anantschenko.de\/ru\/#breadcrumb\"},\"inLanguage\":\"de-DE\",\"potentialAction\":[{\"@type\":\"ReadAction\",\"target\":[\"https:\/\/zahnarztpraxis-anantschenko.de\/ru\/\"]}]},{\"@type\":\"BreadcrumbList\",\"@id\":\"https:\/\/zahnarztpraxis-anantschenko.de\/ru\/#breadcrumb\",\"itemListElement\":[{\"@type\":\"ListItem\",\"position\":1,\"name\":\"Home\",\"item\":\"https:\/\/zahnarztpraxis-anantschenko.de\/ru\/\"},{\"@type\":\"ListItem\",\"position\":2,\"name\":\"Zahnarztpraxis in Kiel\"}]},{\"@type\":\"WebSite\",\"@id\":\"https:\/\/zahnarztpraxis-anantschenko.de\/de\/#website\",\"url\":\"https:\/\/zahnarztpraxis-anantschenko.de\/de\/\",\"name\":\"Zahnarztpraxis in Kiel, Wadim Anantschenko\",\"description\":\"\",\"publisher\":{\"@id\":\"https:\/\/zahnarztpraxis-anantschenko.de\/de\/#organization\"},\"potentialAction\":[{\"@type\":\"SearchAction\",\"target\":{\"@type\":\"EntryPoint\",\"urlTemplate\":\"https:\/\/zahnarztpraxis-anantschenko.de\/de\/?s={search_term_string}\"},\"query-input\":{\"@type\":\"PropertyValueSpecification\",\"valueRequired\":true,\"valueName\":\"search_term_string\"}}],\"inLanguage\":\"de-DE\"},{\"@type\":\"Organization\",\"@id\":\"https:\/\/zahnarztpraxis-anantschenko.de\/de\/#organization\",\"name\":\"Zahnarztpraxis in Kiel, Wadim Anantschenko\",\"url\":\"https:\/\/zahnarztpraxis-anantschenko.de\/de\/\",\"logo\":{\"@type\":\"ImageObject\",\"inLanguage\":\"de-DE\",\"@id\":\"https:\/\/zahnarztpraxis-anantschenko.de\/de\/#\/schema\/logo\/image\/\",\"url\":\"https:\/\/zahnarztpraxis-anantschenko.de\/wp-content\/uploads\/2023\/11\/cropped-logo-zahnarztpraxis-wadim-anantschenko-weiss.png\",\"contentUrl\":\"https:\/\/zahnarztpraxis-anantschenko.de\/wp-content\/uploads\/2023\/11\/cropped-logo-zahnarztpraxis-wadim-anantschenko-weiss.png\",\"width\":302,\"height\":81,\"caption\":\"Zahnarztpraxis in Kiel, Wadim Anantschenko\"},\"image\":{\"@id\":\"https:\/\/zahnarztpraxis-anantschenko.de\/de\/#\/schema\/logo\/image\/\"}}]}<\/script>\n<!-- \/ Yoast SEO plugin. -->","yoast_head_json":{"title":"Zahnarztpraxis in Kiel","robots":{"index":"index","follow":"follow","max-snippet":"max-snippet:-1","max-image-preview":"max-image-preview:large","max-video-preview":"max-video-preview:-1"},"canonical":"https:\/\/zahnarztpraxis-anantschenko.de\/de\/ru\/","og_locale":"de_DE","og_type":"article","og_title":"[:de]Zahnarztpraxis in Kiel[:ru]Zahnarztpraxis in Kiel[:] - Zahnarztpraxis in Kiel, Wadim Anantschenko","og_description":"Seit 1980 steht unsere Zahnarztpraxis f\u00fcr Zahnbehandlungen auf h\u00f6chstem Niveau. Als Nachfolger von Frau Dr. med. Stegen und Frau Wozniak bin ich gewillt diesen Ruf zu folgen [&hellip;]","og_url":"https:\/\/zahnarztpraxis-anantschenko.de\/de\/","og_site_name":"Zahnarztpraxis in Kiel, Wadim Anantschenko","article_modified_time":"2024-01-31T08:21:10+00:00","twitter_card":"summary_large_image","twitter_misc":{"Gesch\u00e4tzte Lesezeit":"3\u00a0Minuten"},"schema":{"@context":"https:\/\/schema.org","@graph":[{"@type":"WebPage","@id":"https:\/\/zahnarztpraxis-anantschenko.de\/ru\/","url":"https:\/\/zahnarztpraxis-anantschenko.de\/ru\/","name":"Zahnarztpraxis in Kiel","isPartOf":{"@id":"https:\/\/zahnarztpraxis-anantschenko.de\/de\/#website"},"datePublished":"2023-07-08T15:20:59+00:00","dateModified":"2024-01-31T08:21:10+00:00","breadcrumb":{"@id":"https:\/\/zahnarztpraxis-anantschenko.de\/ru\/#breadcrumb"},"inLanguage":"de-DE","potentialAction":[{"@type":"ReadAction","target":["https:\/\/zahnarztpraxis-anantschenko.de\/ru\/"]}]},{"@type":"BreadcrumbList","@id":"https:\/\/zahnarztpraxis-anantschenko.de\/ru\/#breadcrumb","itemListElement":[{"@type":"ListItem","position":1,"name":"Home","item":"https:\/\/zahnarztpraxis-anantschenko.de\/ru\/"},{"@type":"ListItem","position":2,"name":"Zahnarztpraxis in Kiel"}]},{"@type":"WebSite","@id":"https:\/\/zahnarztpraxis-anantschenko.de\/de\/#website","url":"https:\/\/zahnarztpraxis-anantschenko.de\/de\/","name":"Zahnarztpraxis in Kiel, Wadim Anantschenko","description":"","publisher":{"@id":"https:\/\/zahnarztpraxis-anantschenko.de\/de\/#organization"},"potentialAction":[{"@type":"SearchAction","target":{"@type":"EntryPoint","urlTemplate":"https:\/\/zahnarztpraxis-anantschenko.de\/de\/?s={search_term_string}"},"query-input":{"@type":"PropertyValueSpecification","valueRequired":true,"valueName":"search_term_string"}}],"inLanguage":"de-DE"},{"@type":"Organization","@id":"https:\/\/zahnarztpraxis-anantschenko.de\/de\/#organization","name":"Zahnarztpraxis in Kiel, Wadim Anantschenko","url":"https:\/\/zahnarztpraxis-anantschenko.de\/de\/","logo":{"@type":"ImageObject","inLanguage":"de-DE","@id":"https:\/\/zahnarztpraxis-anantschenko.de\/de\/#\/schema\/logo\/image\/","url":"https:\/\/zahnarztpraxis-anantschenko.de\/wp-content\/uploads\/2023\/11\/cropped-logo-zahnarztpraxis-wadim-anantschenko-weiss.png","contentUrl":"https:\/\/zahnarztpraxis-anantschenko.de\/wp-content\/uploads\/2023\/11\/cropped-logo-zahnarztpraxis-wadim-anantschenko-weiss.png","width":302,"height":81,"caption":"Zahnarztpraxis in Kiel, Wadim Anantschenko"},"image":{"@id":"https:\/\/zahnarztpraxis-anantschenko.de\/de\/#\/schema\/logo\/image\/"}}]}},"_links":{"self":[{"href":"https:\/\/zahnarztpraxis-anantschenko.de\/de\/wp-json\/wp\/v2\/pages\/28","targetHints":{"allow":["GET"]}}],"collection":[{"href":"https:\/\/zahnarztpraxis-anantschenko.de\/de\/wp-json\/wp\/v2\/pages"}],"about":[{"href":"https:\/\/zahnarztpraxis-anantschenko.de\/de\/wp-json\/wp\/v2\/types\/page"}],"author":[{"embeddable":true,"href":"https:\/\/zahnarztpraxis-anantschenko.de\/de\/wp-json\/wp\/v2\/users\/1"}],"replies":[{"embeddable":true,"href":"https:\/\/zahnarztpraxis-anantschenko.de\/de\/wp-json\/wp\/v2\/comments?post=28"}],"version-history":[{"count":8,"href":"https:\/\/zahnarztpraxis-anantschenko.de\/de\/wp-json\/wp\/v2\/pages\/28\/revisions"}],"predecessor-version":[{"id":128,"href":"https:\/\/zahnarztpraxis-anantschenko.de\/de\/wp-json\/wp\/v2\/pages\/28\/revisions\/128"}],"wp:attachment":[{"href":"https:\/\/zahnarztpraxis-anantschenko.de\/de\/wp-json\/wp\/v2\/media?parent=28"}],"curies":[{"name":"wp","href":"https:\/\/api.w.org\/{rel}","templated":true}]}}